{"id":1,"date":"2006-11-19T14:09:39","date_gmt":"2006-11-19T12:09:39","guid":{"rendered":"https:\/\/autorenbuchhandlung-marx.de\/www\/ueberuns\/"},"modified":"2021-07-07T12:14:33","modified_gmt":"2021-07-07T10:14:33","slug":"ueberuns","status":"publish","type":"page","link":"https:\/\/autorenbuchhandlung-marx.de\/www\/ueberuns\/","title":{"rendered":"\u00dcber uns"},"content":{"rendered":"<p>Kennen Sie denn schon alle vertrauten und neueren Gesichter Ihrer Autorenbuchhandlung?<\/p>\n\n\n\n<figure class=\"wp-block-image\"><noscript><img width=\"1024\" height=\"730\" src=\"https:\/\/autorenbuchhandlung-marx.de\/www\/wp-content\/uploads\/2021\/07\/ABM_KlemmMai21_klein-1024x730.jpg\" alt class=\"wp-image-2306\" srcset=\"https:\/\/autorenbuchhandlung-marx.de\/www\/wp-content\/uploads\/2021\/07\/ABM_KlemmMai21_klein-1024x730.jpg 1024w, https:\/\/autorenbuchhandlung-marx.de\/www\/wp-content\/uploads\/2021\/07\/ABM_KlemmMai21_klein-300x214.jpg 300w, https:\/\/autorenbuchhandlung-marx.de\/www\/wp-content\/uploads\/2021\/07\/ABM_KlemmMai21_klein-768x548.jpg 768w, https:\/\/autorenbuchhandlung-marx.de\/www\/wp-content\/uploads\/2021\/07\/ABM_KlemmMai21_klein.jpg 1240w\" sizes=\"(max-width: 1024px) 100vw, 1024px\"><\/noscript><img width=\"1024\" height=\"730\" src=\"data:image\/svg+xml,%3Csvg%20xmlns%3D%22http%3A%2F%2Fwww.w3.org%2F2000%2Fsvg%22%20viewBox%3D%220%200%201024%20730%22%3E%3C%2Fsvg%3E\" alt class=\"wp-image-2306 lazyload\" srcset=\"data:image\/svg+xml,%3Csvg%20xmlns%3D%22http%3A%2F%2Fwww.w3.org%2F2000%2Fsvg%22%20viewBox%3D%220%200%201024%20730%22%3E%3C%2Fsvg%3E 1024w\" sizes=\"(max-width: 1024px) 100vw, 1024px\" data-srcset=\"https:\/\/autorenbuchhandlung-marx.de\/www\/wp-content\/uploads\/2021\/07\/ABM_KlemmMai21_klein-1024x730.jpg 1024w, https:\/\/autorenbuchhandlung-marx.de\/www\/wp-content\/uploads\/2021\/07\/ABM_KlemmMai21_klein-300x214.jpg 300w, https:\/\/autorenbuchhandlung-marx.de\/www\/wp-content\/uploads\/2021\/07\/ABM_KlemmMai21_klein-768x548.jpg 768w, https:\/\/autorenbuchhandlung-marx.de\/www\/wp-content\/uploads\/2021\/07\/ABM_KlemmMai21_klein.jpg 1240w\" data-src=\"https:\/\/autorenbuchhandlung-marx.de\/www\/wp-content\/uploads\/2021\/07\/ABM_KlemmMai21_klein-1024x730.jpg\"><\/figure>\n\n\n\n<p>2021: Von links nach rechts, vorne: Larissa Siebicke, Barbara Determann,   Andrea Schulz, mittig: Theresa Mayer, Bettina Raue, hinten: Max   Eisenbarth, Ines Lauffer.   \u00a9 Barbara Klemm <\/p>\n\n\n\n<p><\/p>\n\n\n\n<p><\/p>\n\n\n<p><noscript><img class=\"alignleft size-full wp-image-1195\" src=\"https:\/\/autorenbuchhandlung-marx.de\/www\/wp-content\/uploads\/2019\/06\/Juni2019.jpg\" alt width=\"1393\" height=\"1394\" srcset=\"https:\/\/autorenbuchhandlung-marx.de\/www\/wp-content\/uploads\/2019\/06\/Juni2019.jpg 1393w, https:\/\/autorenbuchhandlung-marx.de\/www\/wp-content\/uploads\/2019\/06\/Juni2019-150x150.jpg 150w, https:\/\/autorenbuchhandlung-marx.de\/www\/wp-content\/uploads\/2019\/06\/Juni2019-300x300.jpg 300w, https:\/\/autorenbuchhandlung-marx.de\/www\/wp-content\/uploads\/2019\/06\/Juni2019-768x769.jpg 768w, https:\/\/autorenbuchhandlung-marx.de\/www\/wp-content\/uploads\/2019\/06\/Juni2019-1024x1024.jpg 1024w, https:\/\/autorenbuchhandlung-marx.de\/www\/wp-content\/uploads\/2019\/06\/Juni2019-510x510.jpg 510w\" sizes=\"(max-width: 1393px) 100vw, 1393px\"><\/noscript><img class=\"alignleft size-full wp-image-1195 lazyload\" src=\"data:image\/svg+xml,%3Csvg%20xmlns%3D%22http%3A%2F%2Fwww.w3.org%2F2000%2Fsvg%22%20viewBox%3D%220%200%201393%201394%22%3E%3C%2Fsvg%3E\" alt width=\"1393\" height=\"1394\" srcset=\"data:image\/svg+xml,%3Csvg%20xmlns%3D%22http%3A%2F%2Fwww.w3.org%2F2000%2Fsvg%22%20viewBox%3D%220%200%201393%201394%22%3E%3C%2Fsvg%3E 1393w\" sizes=\"(max-width: 1393px) 100vw, 1393px\" data-srcset=\"https:\/\/autorenbuchhandlung-marx.de\/www\/wp-content\/uploads\/2019\/06\/Juni2019.jpg 1393w, https:\/\/autorenbuchhandlung-marx.de\/www\/wp-content\/uploads\/2019\/06\/Juni2019-150x150.jpg 150w, https:\/\/autorenbuchhandlung-marx.de\/www\/wp-content\/uploads\/2019\/06\/Juni2019-300x300.jpg 300w, https:\/\/autorenbuchhandlung-marx.de\/www\/wp-content\/uploads\/2019\/06\/Juni2019-768x769.jpg 768w, https:\/\/autorenbuchhandlung-marx.de\/www\/wp-content\/uploads\/2019\/06\/Juni2019-1024x1024.jpg 1024w, https:\/\/autorenbuchhandlung-marx.de\/www\/wp-content\/uploads\/2019\/06\/Juni2019-510x510.jpg 510w\" data-src=\"https:\/\/autorenbuchhandlung-marx.de\/www\/wp-content\/uploads\/2019\/06\/Juni2019.jpg\"><\/p>\n<p><\/p>\n<p>2019: Von links nach rechts, vorne: Theresa Mayer, Ines Lauffer, Bettina Raue, hinten: Barbara Determann, Larissa Siebicke, Johannes Fischer, Chantal Gissel.<\/p>\n\n\n<figure class=\"wp-block-image\"><noscript><img width=\"698\" height=\"1024\" src=\"https:\/\/autorenbuchhandlung-marx.de\/www\/wp-content\/uploads\/2021\/07\/ABM_historisch_klein-698x1024.jpg\" alt class=\"wp-image-2315\" srcset=\"https:\/\/autorenbuchhandlung-marx.de\/www\/wp-content\/uploads\/2021\/07\/ABM_historisch_klein-698x1024.jpg 698w, https:\/\/autorenbuchhandlung-marx.de\/www\/wp-content\/uploads\/2021\/07\/ABM_historisch_klein-205x300.jpg 205w, https:\/\/autorenbuchhandlung-marx.de\/www\/wp-content\/uploads\/2021\/07\/ABM_historisch_klein.jpg 725w\" sizes=\"(max-width: 698px) 100vw, 698px\"><\/noscript><img width=\"698\" height=\"1024\" src=\"data:image\/svg+xml,%3Csvg%20xmlns%3D%22http%3A%2F%2Fwww.w3.org%2F2000%2Fsvg%22%20viewBox%3D%220%200%20698%201024%22%3E%3C%2Fsvg%3E\" alt class=\"wp-image-2315 lazyload\" srcset=\"data:image\/svg+xml,%3Csvg%20xmlns%3D%22http%3A%2F%2Fwww.w3.org%2F2000%2Fsvg%22%20viewBox%3D%220%200%20698%201024%22%3E%3C%2Fsvg%3E 698w\" sizes=\"(max-width: 698px) 100vw, 698px\" data-srcset=\"https:\/\/autorenbuchhandlung-marx.de\/www\/wp-content\/uploads\/2021\/07\/ABM_historisch_klein-698x1024.jpg 698w, https:\/\/autorenbuchhandlung-marx.de\/www\/wp-content\/uploads\/2021\/07\/ABM_historisch_klein-205x300.jpg 205w, https:\/\/autorenbuchhandlung-marx.de\/www\/wp-content\/uploads\/2021\/07\/ABM_historisch_klein.jpg 725w\" data-src=\"https:\/\/autorenbuchhandlung-marx.de\/www\/wp-content\/uploads\/2021\/07\/ABM_historisch_klein-698x1024.jpg\"><\/figure>\n\n\n\n<p>\n2004: Von oben nach unten: Chantal Gissel, Irmgard Irle, Barbara Determann, Erika Tapp, Bettina Raue \u00a9 Barbara Klemm\n\n<\/p>\n\n\n\n<p><em>\u201cEnde der 70er Jahre besann man sich im sagenwirmal linksliberalen Lager auf zwei reichlich gegens\u00e4tzliche Prinzipien, die es fortan nach besten Kr\u00e4ften zu verm\u00e4hlen galt: das Lustprinzip und das Realit\u00e4tsprinzip.\u201d<\/em><\/p>\n\n\n\n<p>1979 war ein Jahr des Aufbruchs: Es entstanden die taz, die Titanic, Karl Napps Chaos Theater, die Gr\u00fcnen &#8211; und auch die Autorenbuchhandlung Frankfurt. Dar\u00fcber berichtet Robert Gernhardt in unserer Festschrift \u201cB\u00fccher sind unser Kapital. Autorenbuchhandlung Marx &amp; Co. 25 Jahre\u201d.<\/p>\n\n\n\n<p>Die Autorenbuchhandlung Frankfurt ist neben Berlin und M\u00fcnchen eine der drei Autorenbuchhandlungen in Deutschland, die Ende der 70er Jahre gegr\u00fcndet wurden. Autoren schufen sich einen Ort, an dem Literatur unabh\u00e4ngig von der hektischen Jagd nach dem neuen, marktg\u00e4ngigen Buch einen Kanon entfalten kann. So steht sie seit 25 Jahren gegen den Trend am Buchmarkt auf Seite der Kunden.<\/p>\n\n\n\n<p>Entgegen d\u00fcsteren Prognosen in den Anfangsjahren und der Gef\u00e4hrdung des Sortimentsbuchhandels durch die Gro\u00dfbuchhandlungen in den letzten zehn Jahren sind der Autorenbuchhandlung nicht nur ihre Autoren und ihre Stammkundschaft treu geblieben. Sie ist gewachsen und bietet heute als einzige Universit\u00e4tsbuchhandlung im Westend neben dem literarischen Sortiment vor allem Geisteswissenschaften. Wie das m\u00f6glich war, kann man en detail in unserer Festschrift nachlesen.<\/p>\n\n\n\n<p>Die vergangenen 25 Jahre beweisen eine Kontinuit\u00e4t, die es fortzusetzen gilt. Nur die Autorinnen und Autoren sind mit der Buchhandlung gealtert und es w\u00e4re w\u00fcnschenswert und w\u00fcrde der Buchhandlung gut zu Gesicht stehen, wenn sie bald einige junge Autoren als Mitglieder begr\u00fc\u00dfen k\u00f6nnte.<\/p>\n\n\n\n<p>Seit 2001 sind die Autoren nicht mehr allein. Karl Marx ist hinzugekommen, in Gestalt der gleichnamigen Buchhandlung. Diese Verbindung hat sich als ausgesprochen fruchtbar erwiesen, kommen doch in die neuen und gr\u00f6\u00dferen R\u00e4ume nicht nur die Universit\u00e4tsangeh\u00f6rigen, sondern auch die Bewohner des Westends, um ihren Buchbedarf zu decken. Auch bei den Veranstaltungen in der Buchhandlung kommen das Westend und die Universit\u00e4t sich n\u00e4her als im allt\u00e4glichen Leben.<\/p>\n<div class=\"shariff shariff-align-flex-start shariff-widget-align-flex-start\" data-services=\"facebook%7Ctwitter\" data-url=\"https%3A%2F%2Fautorenbuchhandlung-marx.de%2Fwww%2Fueberuns%2F\" data-timestamp=\"1625660073\" data-backendurl=\"https:\/\/autorenbuchhandlung-marx.de\/www\/wp-json\/shariff\/v1\/share_counts?\"><ul class=\"shariff-buttons theme-round orientation-horizontal buttonsize-medium\"><li class=\"shariff-button facebook shariff-nocustomcolor\" style=\"background-color:#4273c8\"><a href=\"https:\/\/www.facebook.com\/sharer\/sharer.php?u=https%3A%2F%2Fautorenbuchhandlung-marx.de%2Fwww%2Fueberuns%2F\" title=\"Bei Facebook teilen\" aria-label=\"Bei Facebook teilen\" role=\"button\" rel=\"nofollow\" class=\"shariff-link\" style=\"; background-color:#3b5998; color:#fff\" target=\"_blank\"><span class=\"shariff-icon\" style><svg width=\"32px\" height=\"20px\" viewBox=\"0 0 18 32\"><path fill=\"#3b5998\" d=\"M17.1 0.2v4.7h-2.8q-1.5 0-2.1 0.6t-0.5 1.9v3.4h5.2l-0.7 5.3h-4.5v13.6h-5.5v-13.6h-4.5v-5.3h4.5v-3.9q0-3.3 1.9-5.2t5-1.8q2.6 0 4.1 0.2z\" \/><\/svg><\/span><\/a><\/li><li class=\"shariff-button twitter shariff-nocustomcolor\" style=\"background-color:#32bbf5\"><a href=\"https:\/\/twitter.com\/share?url=https%3A%2F%2Fautorenbuchhandlung-marx.de%2Fwww%2Fueberuns%2F&amp;text=%C3%9Cber%20uns\" title=\"Bei Twitter teilen\" aria-label=\"Bei Twitter teilen\" role=\"button\" rel=\"noopener nofollow\" class=\"shariff-link\" style=\"; background-color:#55acee; color:#fff\" target=\"_blank\"><span class=\"shariff-icon\" style><svg width=\"32px\" height=\"20px\" viewBox=\"0 0 30 32\"><path fill=\"#55acee\" d=\"M29.7 6.8q-1.2 1.8-3 3.1 0 0.3 0 0.8 0 2.5-0.7 4.9t-2.2 4.7-3.5 4-4.9 2.8-6.1 1q-5.1 0-9.3-2.7 0.6 0.1 1.5 0.1 4.3 0 7.6-2.6-2-0.1-3.5-1.2t-2.2-3q0.6 0.1 1.1 0.1 0.8 0 1.6-0.2-2.1-0.4-3.5-2.1t-1.4-3.9v-0.1q1.3 0.7 2.8 0.8-1.2-0.8-2-2.2t-0.7-2.9q0-1.7 0.8-3.1 2.3 2.8 5.5 4.5t7 1.9q-0.2-0.7-0.2-1.4 0-2.5 1.8-4.3t4.3-1.8q2.7 0 4.5 1.9 2.1-0.4 3.9-1.5-0.7 2.2-2.7 3.4 1.8-0.2 3.5-0.9z\" \/><\/svg><\/span><\/a><\/li><\/ul><\/div>","protected":false},"excerpt":{"rendered":"\n<p><img alt=\"Die Autorenbuchhandlung auf der Treppe sitzende\" class=\"imageStyle\" src=\"http:\/\/autorenbuchhandlung-marx.de\/images\/abmtreppe\" \/><br \/>\n<span style=\"font-size: 9px\">V.o.n.u.: Chantal Gissel, Irmgard Irle, Barbara Determann, Erika Tapp, Bettina Raue<br \/>\n<\/span> <span style=\"font-size: 9px\"> \u00a9 Barbara Klemm 2004<\/span><\/p>\n<p><em>&#8220;Ende der 70er Jahre besann man sich im sagenwirmal linksliberalen Lager auf zwei reichlich gegens&#228;tzliche Prinzipien, die es fortan nach besten Kr&#228;ften zu verm&#228;hlen galt: das Lustprinzip und das Realit&#228;tsprinzip.&#8221;<\/em><\/p>\n","protected":false},"author":1,"featured_media":0,"parent":0,"menu_order":0,"comment_status":"open","ping_status":"open","template":"","meta":{"_links_to":"","_links_to_target":""},"_links":{"self":[{"href":"https:\/\/autorenbuchhandlung-marx.de\/www\/wp-json\/wp\/v2\/pages\/1"}],"collection":[{"href":"https:\/\/autorenbuchhandlung-marx.de\/www\/wp-json\/wp\/v2\/pages"}],"about":[{"href":"https:\/\/autorenbuchhandlung-marx.de\/www\/wp-json\/wp\/v2\/types\/page"}],"author":[{"embeddable":true,"href":"https:\/\/autorenbuchhandlung-marx.de\/www\/wp-json\/wp\/v2\/users\/1"}],"replies":[{"embeddable":true,"href":"https:\/\/autorenbuchhandlung-marx.de\/www\/wp-json\/wp\/v2\/comments?post=1"}],"version-history":[{"count":14,"href":"https:\/\/autorenbuchhandlung-marx.de\/www\/wp-json\/wp\/v2\/pages\/1\/revisions"}],"predecessor-version":[{"id":2317,"href":"https:\/\/autorenbuchhandlung-marx.de\/www\/wp-json\/wp\/v2\/pages\/1\/revisions\/2317"}],"wp:attachment":[{"href":"https:\/\/autorenbuchhandlung-marx.de\/www\/wp-json\/wp\/v2\/media?parent=1"}],"curies":[{"name":"wp","href":"https:\/\/api.w.org\/{rel}","templated":true}]}}